{"id":1326,"date":"2026-02-11T22:17:21","date_gmt":"2026-02-11T22:17:21","guid":{"rendered":"https:\/\/melahelagency.com\/?page_id=1326"},"modified":"2026-03-15T16:42:38","modified_gmt":"2026-03-15T16:42:38","slug":"chirurgie-dentaire","status":"publish","type":"page","link":"https:\/\/melahelagency.com\/en\/chirurgie-dentaire\/","title":{"rendered":"Dental Surgery"},"content":{"rendered":"<div data-elementor-type=\"wp-page\" data-elementor-id=\"1326\" class=\"elementor elementor-1326\" data-elementor-post-type=\"page\">\n\t\t\t\t<div class=\"elementor-element elementor-element-9e00438 e-flex e-con-boxed e-con e-parent\" data-id=\"9e00438\" data-element_type=\"container\" data-e-type=\"container\">\n\t\t\t\t\t<div class=\"e-con-inner\">\n\t\t\t\t<div class=\"elementor-element elementor-element-b1a4b96 elementor-widget elementor-widget-heading\" data-id=\"b1a4b96\" data-element_type=\"widget\" data-e-type=\"widget\" data-widget_type=\"heading.default\">\n\t\t\t\t\t<h2 class=\"elementor-heading-title elementor-size-default\">Dental Surgery\n<\/h2>\t\t\t\t<\/div>\n\t\t\t\t<div class=\"elementor-element elementor-element-79824a7 elementor-widget elementor-widget-text-editor\" data-id=\"79824a7\" data-element_type=\"widget\" data-e-type=\"widget\" data-widget_type=\"text-editor.default\">\n\t\t\t\t\t\t\t\t\t<p><strong>Melahel Agency<\/strong> We support you at every stage of your medical journey, connecting you with modern clinics and renowned specialists. From initial consultation to your return home, we ensure personalized, secure, and transparent follow-up, for care you can trust.<\/p>\t\t\t\t\t\t\t\t<\/div>\n\t\t\t\t\t<\/div>\n\t\t\t\t<\/div>\n\t\t<div class=\"elementor-element elementor-element-fdfdebc e-flex e-con-boxed e-con e-parent\" data-id=\"fdfdebc\" data-element_type=\"container\" data-e-type=\"container\">\n\t\t\t\t\t<div class=\"e-con-inner\">\n\t\t\t\t<div class=\"elementor-element elementor-element-0488aed popup ekit-equal-height-disable elementor-invisible elementor-widget elementor-widget-elementskit-image-box\" data-id=\"0488aed\" data-element_type=\"widget\" data-e-type=\"widget\" data-settings=\"{&quot;_animation&quot;:&quot;fadeInUp&quot;}\" data-widget_type=\"elementskit-image-box.default\">\n\t\t\t\t\t<div class=\"ekit-wid-con\" >\n            <div class=\"elementskit-info-image-box ekit-image-box text-center simple-card\" >\n\n                <a href=\"https:\/\/melahelagency.com\/en\/blanchiment-dentaire\/\">\n                <div class=\"elementskit-box-header image-box-img-center\">\n\n                    <img fetchpriority=\"high\" decoding=\"async\" width=\"1060\" height=\"666\" src=\"https:\/\/melahelagency.com\/wp-content\/uploads\/2026\/02\/Blanchiment-Dentaire-1.jpg\" class=\"attachment-full size-full wp-image-1328\" alt=\"Blanchiment Dentaire\" srcset=\"https:\/\/melahelagency.com\/wp-content\/uploads\/2026\/02\/Blanchiment-Dentaire-1.jpg 1060w, https:\/\/melahelagency.com\/wp-content\/uploads\/2026\/02\/Blanchiment-Dentaire-1-300x188.jpg 300w, https:\/\/melahelagency.com\/wp-content\/uploads\/2026\/02\/Blanchiment-Dentaire-1-1024x643.jpg 1024w, https:\/\/melahelagency.com\/wp-content\/uploads\/2026\/02\/Blanchiment-Dentaire-1-768x483.jpg 768w, https:\/\/melahelagency.com\/wp-content\/uploads\/2026\/02\/Blanchiment-Dentaire-1-18x12.jpg 18w\" sizes=\"(max-width: 1060px) 100vw, 1060px\" \/>\n                <\/div>\n                <\/a>\n                <div class=\"elementskit-box-body ekit-image-box-body\">\n                    <div class=\"elementskit-box-content ekit-image-box-body-inner\">\n                                                <h3 class=\"elementskit-info-box-title\">\n\n                        Teeth Whitening\n                        \n                    <\/h3>\n                                                            <div class=\"elementskit-box-style-content\">\n                        Intervention esth\u00e9tique qui permet de retrouver la blancheur naturelle des dents                    <\/div>\n                                    <\/div>\n\n                                <div class=\"elementskit-box-footer\">\n                    <div class=\"box-footer\">\n                        <div class=\"btn-wraper\">\n                                                            <a href=\"https:\/\/melahelagency.com\/en\/blanchiment-dentaire\/\" class=\"elementskit-btn whitespace--normal\">\n                                    \n                                    <svg aria-hidden=\"true\" class=\"e-font-icon-svg e-far-arrow-alt-circle-right\" viewbox=\"0 0 512 512\" xmlns=\"http:\/\/www.w3.org\/2000\/svg\"><path d=\"M504 256C504 119 393 8 256 8S8 119 8 256s111 248 248 248 248-111 248-248zm-448 0c0-110.5 89.5-200 200-200s200 89.5 200 200-89.5 200-200 200S56 366.5 56 256zm72 20v-40c0-6.6 5.4-12 12-12h116v-67c0-10.7 12.9-16 20.5-8.5l99 99c4.7 4.7 4.7 12.3 0 17l-99 99c-7.6 7.6-20.5 2.2-20.5-8.5v-67H140c-6.6 0-12-5.4-12-12z\"><\/path><\/svg>\n                                    Discover                                <\/a>\n                                                        <\/div>\n                    <\/div>\n                <\/div>\n                            <\/div>\n            <\/div>\n    <\/div>\t\t\t\t<\/div>\n\t\t\t\t<div class=\"elementor-element elementor-element-62a0b33 popup ekit-equal-height-disable elementor-invisible elementor-widget elementor-widget-elementskit-image-box\" data-id=\"62a0b33\" data-element_type=\"widget\" data-e-type=\"widget\" data-settings=\"{&quot;_animation&quot;:&quot;fadeInUp&quot;,&quot;_animation_delay&quot;:200}\" data-widget_type=\"elementskit-image-box.default\">\n\t\t\t\t\t<div class=\"ekit-wid-con\" >\n            <div class=\"elementskit-info-image-box ekit-image-box text-center simple-card\" >\n\n                <a href=\"https:\/\/melahelagency.com\/en\/facettes-dentaires\/\">\n                <div class=\"elementskit-box-header image-box-img-center\">\n\n                    <img decoding=\"async\" width=\"1060\" height=\"666\" src=\"https:\/\/melahelagency.com\/wp-content\/uploads\/2026\/02\/Facettes-Dentaires-1.jpg\" class=\"attachment-full size-full wp-image-1335\" alt=\"Facettes Dentaires\" srcset=\"https:\/\/melahelagency.com\/wp-content\/uploads\/2026\/02\/Facettes-Dentaires-1.jpg 1060w, https:\/\/melahelagency.com\/wp-content\/uploads\/2026\/02\/Facettes-Dentaires-1-300x188.jpg 300w, https:\/\/melahelagency.com\/wp-content\/uploads\/2026\/02\/Facettes-Dentaires-1-1024x643.jpg 1024w, https:\/\/melahelagency.com\/wp-content\/uploads\/2026\/02\/Facettes-Dentaires-1-768x483.jpg 768w, https:\/\/melahelagency.com\/wp-content\/uploads\/2026\/02\/Facettes-Dentaires-1-18x12.jpg 18w\" sizes=\"(max-width: 1060px) 100vw, 1060px\" \/>\n                <\/div>\n                <\/a>\n                <div class=\"elementskit-box-body ekit-image-box-body\">\n                    <div class=\"elementskit-box-content ekit-image-box-body-inner\">\n                                                <h3 class=\"elementskit-info-box-title\">\n\n                        Dental Veneers\n                        \n                    <\/h3>\n                                                            <div class=\"elementskit-box-style-content\">\n                        Permet de transformer un sourire de mani\u00e8re harmonieuse et naturelle.                    <\/div>\n                                    <\/div>\n\n                                <div class=\"elementskit-box-footer\">\n                    <div class=\"box-footer\">\n                        <div class=\"btn-wraper\">\n                                                            <a href=\"https:\/\/melahelagency.com\/en\/facettes-dentaires\/\" class=\"elementskit-btn whitespace--normal\">\n                                    \n                                    <svg aria-hidden=\"true\" class=\"e-font-icon-svg e-far-arrow-alt-circle-right\" viewbox=\"0 0 512 512\" xmlns=\"http:\/\/www.w3.org\/2000\/svg\"><path d=\"M504 256C504 119 393 8 256 8S8 119 8 256s111 248 248 248 248-111 248-248zm-448 0c0-110.5 89.5-200 200-200s200 89.5 200 200-89.5 200-200 200S56 366.5 56 256zm72 20v-40c0-6.6 5.4-12 12-12h116v-67c0-10.7 12.9-16 20.5-8.5l99 99c4.7 4.7 4.7 12.3 0 17l-99 99c-7.6 7.6-20.5 2.2-20.5-8.5v-67H140c-6.6 0-12-5.4-12-12z\"><\/path><\/svg>\n                                    Discover                                <\/a>\n                                                        <\/div>\n                    <\/div>\n                <\/div>\n                            <\/div>\n            <\/div>\n    <\/div>\t\t\t\t<\/div>\n\t\t\t\t<div class=\"elementor-element elementor-element-fcff7b3 popup ekit-equal-height-disable elementor-invisible elementor-widget elementor-widget-elementskit-image-box\" data-id=\"fcff7b3\" data-element_type=\"widget\" data-e-type=\"widget\" data-settings=\"{&quot;_animation&quot;:&quot;fadeInUp&quot;,&quot;_animation_delay&quot;:400}\" data-widget_type=\"elementskit-image-box.default\">\n\t\t\t\t\t<div class=\"ekit-wid-con\" >\n            <div class=\"elementskit-info-image-box ekit-image-box text-center simple-card\" >\n\n                <a href=\"https:\/\/melahelagency.com\/en\/implants-dentaires\/\">\n                <div class=\"elementskit-box-header image-box-img-center\">\n\n                    <img decoding=\"async\" width=\"1060\" height=\"666\" src=\"https:\/\/melahelagency.com\/wp-content\/uploads\/2026\/02\/Implants-Dentaires-1.jpg\" class=\"attachment-full size-full wp-image-1339\" alt=\"Implants Dentaires\" srcset=\"https:\/\/melahelagency.com\/wp-content\/uploads\/2026\/02\/Implants-Dentaires-1.jpg 1060w, https:\/\/melahelagency.com\/wp-content\/uploads\/2026\/02\/Implants-Dentaires-1-300x188.jpg 300w, https:\/\/melahelagency.com\/wp-content\/uploads\/2026\/02\/Implants-Dentaires-1-1024x643.jpg 1024w, https:\/\/melahelagency.com\/wp-content\/uploads\/2026\/02\/Implants-Dentaires-1-768x483.jpg 768w, https:\/\/melahelagency.com\/wp-content\/uploads\/2026\/02\/Implants-Dentaires-1-18x12.jpg 18w\" sizes=\"(max-width: 1060px) 100vw, 1060px\" \/>\n                <\/div>\n                <\/a>\n                <div class=\"elementskit-box-body ekit-image-box-body\">\n                    <div class=\"elementskit-box-content ekit-image-box-body-inner\">\n                                                <h3 class=\"elementskit-info-box-title\">\n\n                        Dental Implants \n                        \n                    <\/h3>\n                                                            <div class=\"elementskit-box-style-content\">\n                        solution moderne et durable pour remplacer les dents manquantes                    <\/div>\n                                    <\/div>\n\n                                <div class=\"elementskit-box-footer\">\n                    <div class=\"box-footer\">\n                        <div class=\"btn-wraper\">\n                                                            <a href=\"https:\/\/melahelagency.com\/en\/implants-dentaires\/\" class=\"elementskit-btn whitespace--normal\">\n                                    \n                                    <svg aria-hidden=\"true\" class=\"e-font-icon-svg e-far-arrow-alt-circle-right\" viewbox=\"0 0 512 512\" xmlns=\"http:\/\/www.w3.org\/2000\/svg\"><path d=\"M504 256C504 119 393 8 256 8S8 119 8 256s111 248 248 248 248-111 248-248zm-448 0c0-110.5 89.5-200 200-200s200 89.5 200 200-89.5 200-200 200S56 366.5 56 256zm72 20v-40c0-6.6 5.4-12 12-12h116v-67c0-10.7 12.9-16 20.5-8.5l99 99c4.7 4.7 4.7 12.3 0 17l-99 99c-7.6 7.6-20.5 2.2-20.5-8.5v-67H140c-6.6 0-12-5.4-12-12z\"><\/path><\/svg>\n                                    Discover                                <\/a>\n                                                        <\/div>\n                    <\/div>\n                <\/div>\n                            <\/div>\n            <\/div>\n    <\/div>\t\t\t\t<\/div>\n\t\t\t\t\t<\/div>\n\t\t\t\t<\/div>\n\t\t\t\t<\/div>","protected":false},"excerpt":{"rendered":"<p>Chirurgie Dentaire Melahel Agency vous accompagne \u00e0 chaque \u00e9tape de votre parcours m\u00e9dical, en vous mettant en relation avec des cliniques modernes et des sp\u00e9cialistes reconnus. De la prise en charge \u00e0 votre retour, nous assurons un suivi personnalis\u00e9, s\u00e9curis\u00e9 et transparent, pour des soins en toute confiance. Blanchiment Dentaire Intervention esth\u00e9tique qui permet de [&hellip;]<\/p>\n","protected":false},"author":1,"featured_media":0,"parent":0,"menu_order":0,"comment_status":"closed","ping_status":"closed","template":"elementor_header_footer","meta":{"footnotes":""},"class_list":["post-1326","page","type-page","status-publish","hentry"],"blocksy_meta":[],"_links":{"self":[{"href":"https:\/\/melahelagency.com\/en\/wp-json\/wp\/v2\/pages\/1326","targetHints":{"allow":["GET"]}}],"collection":[{"href":"https:\/\/melahelagency.com\/en\/wp-json\/wp\/v2\/pages"}],"about":[{"href":"https:\/\/melahelagency.com\/en\/wp-json\/wp\/v2\/types\/page"}],"author":[{"embeddable":true,"href":"https:\/\/melahelagency.com\/en\/wp-json\/wp\/v2\/users\/1"}],"replies":[{"embeddable":true,"href":"https:\/\/melahelagency.com\/en\/wp-json\/wp\/v2\/comments?post=1326"}],"version-history":[{"count":10,"href":"https:\/\/melahelagency.com\/en\/wp-json\/wp\/v2\/pages\/1326\/revisions"}],"predecessor-version":[{"id":1342,"href":"https:\/\/melahelagency.com\/en\/wp-json\/wp\/v2\/pages\/1326\/revisions\/1342"}],"wp:attachment":[{"href":"https:\/\/melahelagency.com\/en\/wp-json\/wp\/v2\/media?parent=1326"}],"curies":[{"name":"wp","href":"https:\/\/api.w.org\/{rel}","templated":true}]}}